{"id":191,"date":"2019-06-17T21:51:40","date_gmt":"2019-06-17T20:51:40","guid":{"rendered":"http:\/\/catchart.de\/?page_id=191"},"modified":"2026-02-03T19:52:46","modified_gmt":"2026-02-03T18:52:46","slug":"einradhockey","status":"publish","type":"page","link":"http:\/\/catchart.de\/?page_id=191","title":{"rendered":"Einradhockey"},"content":{"rendered":"\n<h3 class=\"wp-block-heading\" id=\"einradhockey-training-erwachsene-winter-2021-2022\">Einradhockey-Training Erwachsene 2026<\/h3>\n\n\n\n<p>Wir trainieren momentan freitags 16-17:30 Uhr beim Hochschulsport Hannover, alle Infos und Anmeldung unter www.hochschulsport-hannover.de<\/p>\n\n\n\n<h3 class=\"wp-block-heading\" id=\"einradhockey-schnupperangebot-fur-kinder-ab-10-jahren\">Einradhockey f\u00fcr Kinder und Jugendliche ab ca. 12 Jahren<\/h3>\n\n\n\n<p>Trainingszeit unregelm\u00e4\u00dfig montags 19-20 Uhr; Ort: Akademie des Sports, Ferd.-Wilh.-Fricke-Weg 10, Hannover. Bei Interesse bitte melden unter vorstand@catchart.de<\/p>\n\n\n\n<h3 class=\"wp-block-heading\" id=\"einradhockey-turnier\">Einradhockey-Turniere<\/h3>\n\n\n\n<p>Infos und die Anmeldung zu unserem sowie zu allen anderen Turnieren findet ihr wie gewohnt \u00fcber <a href=\"http:\/\/www.einradhockeyliga.de\">www.einradhockeyliga.de<\/a><\/p>\n\n\n\n<p>In der Liga spielen wir unter dem Namen &#8218;Oneleine Hannover&#8216;.<\/p>\n\n\n\n<figure class=\"wp-block-image is-resized\"><img loading=\"lazy\" decoding=\"async\" width=\"842\" height=\"596\" src=\"http:\/\/catchart.de\/wp-content\/uploads\/2019\/07\/image.png\" alt=\"\" class=\"wp-image-245\" style=\"width:421px;height:298px\" srcset=\"http:\/\/catchart.de\/wp-content\/uploads\/2019\/07\/image.png 842w, http:\/\/catchart.de\/wp-content\/uploads\/2019\/07\/image-300x212.png 300w, http:\/\/catchart.de\/wp-content\/uploads\/2019\/07\/image-768x544.png 768w\" sizes=\"auto, (max-width: 842px) 100vw, 842px\" \/><\/figure>\n\n\n\n<p><\/p>\n\n\n\n<p><\/p>\n","protected":false},"excerpt":{"rendered":"<p>Einradhockey-Training Erwachsene 2026 Wir trainieren momentan freitags 16-17:30 Uhr beim Hochschulsport Hannover, alle Infos und Anmeldung unter www.hochschulsport-hannover.de Einradhockey f\u00fcr Kinder und Jugendliche ab ca. 12 Jahren Trainingszeit unregelm\u00e4\u00dfig montags 19-20 Uhr; Ort: Akademie des Sports, Ferd.-Wilh.-Fricke-Weg 10, Hannover. Bei&#8230; <a href=\"http:\/\/catchart.de\/?page_id=191\" class=\"readmore\">Weiterlesen<span class=\"screen-reader-text\">Einradhockey<\/span><span class=\"fa fa-angle-double-right\" aria-hidden=\"true\"><\/span><\/a><\/p>\n","protected":false},"author":1,"featured_media":0,"parent":0,"menu_order":2,"comment_status":"closed","ping_status":"closed","template":"","meta":{"footnotes":""},"class_list":["post-191","page","type-page","status-publish","hentry"],"_links":{"self":[{"href":"http:\/\/catchart.de\/index.php?rest_route=\/wp\/v2\/pages\/191","targetHints":{"allow":["GET"]}}],"collection":[{"href":"http:\/\/catchart.de\/index.php?rest_route=\/wp\/v2\/pages"}],"about":[{"href":"http:\/\/catchart.de\/index.php?rest_route=\/wp\/v2\/types\/page"}],"author":[{"embeddable":true,"href":"http:\/\/catchart.de\/index.php?rest_route=\/wp\/v2\/users\/1"}],"replies":[{"embeddable":true,"href":"http:\/\/catchart.de\/index.php?rest_route=%2Fwp%2Fv2%2Fcomments&post=191"}],"version-history":[{"count":17,"href":"http:\/\/catchart.de\/index.php?rest_route=\/wp\/v2\/pages\/191\/revisions"}],"predecessor-version":[{"id":502,"href":"http:\/\/catchart.de\/index.php?rest_route=\/wp\/v2\/pages\/191\/revisions\/502"}],"wp:attachment":[{"href":"http:\/\/catchart.de\/index.php?rest_route=%2Fwp%2Fv2%2Fmedia&parent=191"}],"curies":[{"name":"wp","href":"https:\/\/api.w.org\/{rel}","templated":true}]}}