{"id":332,"date":"2022-04-21T18:32:34","date_gmt":"2022-04-21T17:32:34","guid":{"rendered":"https:\/\/catchart.de\/?page_id=332"},"modified":"2022-05-29T12:33:35","modified_gmt":"2022-05-29T11:33:35","slug":"convention-2022","status":"publish","type":"page","link":"http:\/\/catchart.de\/?page_id=332","title":{"rendered":"Convention 2022"},"content":{"rendered":"\n<p><strong>CatchArt &#8211; Die Reise geht weiter<\/strong>!<\/p>\n\n\n\n<p>Vom 17. Juni  &#8211; 19. Juni 2022 wird in Hannover wieder Tag und Nacht jongliert. Mach dich auf den Weg, wir freuen uns auf dich!<\/p>\n\n\n\n<p><strong>Programm: <\/strong><\/p>\n\n\n\n<ul class=\"wp-block-list\"><li>Jonglieren 24h (Sporthalle, Saal, Zelt, Wiese)<\/li><li>Workshops (wir sind gespannt auf eure Beitr\u00e4ge)<\/li><li>Volleyclub (Beachfelder)<\/li><li>Einradtour (nat\u00fcrlich mit Eis-Pause am Maschsee)<\/li><li>Jonglier-Spiele<\/li><li>Waffeln essen<\/li><\/ul>\n\n\n\n<p>Start: Freitag 16 Uhr, Ende Sonntag: 15 Uhr!<\/p>\n\n\n\n<p><strong>Anmeldung\/ Einlass:<\/strong><\/p>\n\n\n\n<p>Zugang \u00fcber die Langensalzastra\u00dfe 23-24, 30169 Hannover! <\/p>\n\n\n\n<p>Ort: Haus der Jugend, Maschstra\u00dfe 22-24, 30169 Hannover (von dieser Seite kein Einlass m\u00f6glich!)<\/p>\n\n\n\n<p><strong>Anreise:<\/strong><\/p>\n\n\n\n<p>Ab Hannover Hauptbahnhof zu Fu\u00df (15 Minuten) oder mit der U1, U2 oder U8 bis Aegidientorplatz (3 Minuten) <a href=\"https:\/\/www.uestra.de\/auskunft-und-fahrplaene\/fahrtauskunft\/?no_cache=1\">Auskunft<\/a><\/p>\n\n\n\n<p><strong>Verpflegung:<\/strong><\/p>\n\n\n\n<ul class=\"wp-block-list\"><li>Snack am Freitag, 2 x Fr\u00fchst\u00fcck und ein warmes Abendessen am Samstag sind im Eintrittspreis inbegriffen.<\/li><li>Getr\u00e4nke k\u00f6nnt ihr bei uns zum Selbstkostenpreis kaufen.<\/li><li>Wer sich selbst verpflegen m\u00f6chte, erreicht zu Fu\u00df in 5 Minuten B\u00e4ckereien, Restaurants und Superm\u00e4rkte.<\/li><\/ul>\n\n\n\n<p><strong>Weiteres<\/strong>:<\/p>\n\n\n\n<ul class=\"wp-block-list\"><li>Die \u00dcbernachtung ist mit eigener Isomatte und Schlafsack in mehreren kleinen Turnhallen\/S\u00e4len\/R\u00e4umen m\u00f6glich. Es stehen max. 150 Schlafpl\u00e4tze zur Verf\u00fcgung, um die R\u00e4ume nicht zu voll zu belegen. Bitte nutzt die Voranmeldung!<\/li><li>KEINE Zeltpl\u00e4tze mehr verf\u00fcgbar! Stellpl\u00e4tze f\u00fcr Wohnmobile sind nur in sehr geringer Anzahl vorhanden. Bitte unbedingt bei der Anmeldung angeben, wenn du im eigenen Auto \u00fcbernachten m\u00f6chtest.<\/li><li>Parkm\u00f6glichkeit in unmittelbarer N\u00e4he sind begrenzt (Innenstadt).<\/li><li>Auf dem Gel\u00e4nde sind keine Tiere erlaubt.<\/li><li>Helferinnen und Helfer erw\u00fcnscht\u00a0\ud83d\ude42<\/li><\/ul>\n\n\n\n<div class=\"wp-block-buttons is-content-justification-center is-layout-flex wp-container-core-buttons-is-layout-16018d1d wp-block-buttons-is-layout-flex\">\n<div class=\"wp-block-button\"><a class=\"wp-block-button__link has-white-color has-vivid-cyan-blue-background-color has-text-color has-background\" href=\"http:\/\/catchart.de\/?page_id=324\">Preise<\/a><\/div>\n\n\n\n<div class=\"wp-block-button\"><a class=\"wp-block-button__link has-white-color has-vivid-cyan-blue-background-color has-text-color has-background\" href=\"http:\/\/catchart.de\/?page_id=310\">Anmeldung<\/a><\/div>\n<\/div>\n\n\n\n<p><\/p>\n","protected":false},"excerpt":{"rendered":"<p>CatchArt &#8211; Die Reise geht weiter! Vom 17. Juni &#8211; 19. Juni 2022 wird in Hannover wieder Tag und Nacht jongliert. Mach dich auf den Weg, wir freuen uns auf dich! Programm: Jonglieren 24h (Sporthalle, Saal, Zelt, Wiese) Workshops (wir&#8230; <a href=\"http:\/\/catchart.de\/?page_id=332\" class=\"readmore\">Weiterlesen<span class=\"screen-reader-text\">Convention 2022<\/span><span class=\"fa fa-angle-double-right\" aria-hidden=\"true\"><\/span><\/a><\/p>\n","protected":false},"author":2,"featured_media":0,"parent":0,"menu_order":1,"comment_status":"closed","ping_status":"closed","template":"","meta":{"footnotes":""},"class_list":["post-332","page","type-page","status-publish","hentry"],"_links":{"self":[{"href":"http:\/\/catchart.de\/index.php?rest_route=\/wp\/v2\/pages\/332","targetHints":{"allow":["GET"]}}],"collection":[{"href":"http:\/\/catchart.de\/index.php?rest_route=\/wp\/v2\/pages"}],"about":[{"href":"http:\/\/catchart.de\/index.php?rest_route=\/wp\/v2\/types\/page"}],"author":[{"embeddable":true,"href":"http:\/\/catchart.de\/index.php?rest_route=\/wp\/v2\/users\/2"}],"replies":[{"embeddable":true,"href":"http:\/\/catchart.de\/index.php?rest_route=%2Fwp%2Fv2%2Fcomments&post=332"}],"version-history":[{"count":13,"href":"http:\/\/catchart.de\/index.php?rest_route=\/wp\/v2\/pages\/332\/revisions"}],"predecessor-version":[{"id":405,"href":"http:\/\/catchart.de\/index.php?rest_route=\/wp\/v2\/pages\/332\/revisions\/405"}],"wp:attachment":[{"href":"http:\/\/catchart.de\/index.php?rest_route=%2Fwp%2Fv2%2Fmedia&parent=332"}],"curies":[{"name":"wp","href":"https:\/\/api.w.org\/{rel}","templated":true}]}}