{"id":12,"date":"2018-12-15T21:33:35","date_gmt":"2018-12-15T20:33:35","guid":{"rendered":"http:\/\/catchart.de\/?page_id=12"},"modified":"2026-02-03T19:51:53","modified_gmt":"2026-02-03T18:51:53","slug":"convention-2019","status":"publish","type":"page","link":"https:\/\/catchart.de\/","title":{"rendered":"Conventions"},"content":{"rendered":"\n<h3 class=\"wp-block-heading has-text-align-center\">Jonglierconvention 2026?<\/h3>\n\n\n\n<p>Wir hoffen es klappt und freuen wir uns auf ein sommerliches Jonglierwochenende in Hannover. Wie klein oder gro\u00df es werden kann? Wir halten auch auf dem Laufenden &#8230; reserviert ist der 03.-05.07.2026!<\/p>\n\n\n\n<h3 class=\"wp-block-heading has-text-align-center\">Jonglier- und Volleyclub-Wochenende 20.-22. Juni 2025<\/h3>\n\n\n\n<p>Convention im Kleinformat mit viel Zeit f\u00fcr Volleyclub und Passing. Danke an das Haus der Jugend und ans Orga-Team!<\/p>\n\n\n\n<h3 class=\"wp-block-heading has-text-align-center\">Jonglierconvention 21.-23. Juni 2024<\/h3>\n\n\n\n<p>Hurra, der Termin steht und wir laden euch zur &#8222;Midsommar-Convention&#8220; ein! <br>N\u00e4here Informationen findet ihr hier: <a href=\"https:\/\/catchart.de\/?page_id=446\">Midsommar-Con<\/a><\/p>\n\n\n\n<p>Parallel findet wieder die <a href=\"https:\/\/catchart.de\/?page_id=474\" data-type=\"page\" data-id=\"474\">KidsCon 2024<\/a> statt.<\/p>\n\n\n\n<h3 class=\"wp-block-heading has-text-align-center\">Jonglierconvention 17.-19. Juni 2022<\/h3>\n\n\n\n<p>Die Reise geht weiter! Was f\u00fcr eine Convention \ud83d\ude42<\/p>\n\n\n\n<figure class=\"wp-block-gallery has-nested-images columns-default is-cropped wp-block-gallery-1 is-layout-flex wp-block-gallery-is-layout-flex\">\n<figure class=\"wp-block-image size-large\"><img loading=\"lazy\" decoding=\"async\" width=\"1024\" height=\"768\" data-id=\"419\" src=\"http:\/\/catchart.de\/wp-content\/uploads\/2022\/06\/IMG_0379-1024x768.jpg\" alt=\"\" class=\"wp-image-419\" srcset=\"https:\/\/catchart.de\/wp-content\/uploads\/2022\/06\/IMG_0379-1024x768.jpg 1024w, https:\/\/catchart.de\/wp-content\/uploads\/2022\/06\/IMG_0379-300x225.jpg 300w, https:\/\/catchart.de\/wp-content\/uploads\/2022\/06\/IMG_0379-768x576.jpg 768w, https:\/\/catchart.de\/wp-content\/uploads\/2022\/06\/IMG_0379-1536x1152.jpg 1536w, https:\/\/catchart.de\/wp-content\/uploads\/2022\/06\/IMG_0379-2048x1536.jpg 2048w\" sizes=\"auto, (max-width: 1024px) 100vw, 1024px\" \/><\/figure>\n\n\n\n<figure class=\"wp-block-image size-large\"><img loading=\"lazy\" decoding=\"async\" width=\"1024\" height=\"768\" data-id=\"418\" src=\"http:\/\/catchart.de\/wp-content\/uploads\/2022\/06\/IMG_0383-1024x768.jpg\" alt=\"\" class=\"wp-image-418\" srcset=\"https:\/\/catchart.de\/wp-content\/uploads\/2022\/06\/IMG_0383-1024x768.jpg 1024w, https:\/\/catchart.de\/wp-content\/uploads\/2022\/06\/IMG_0383-300x225.jpg 300w, https:\/\/catchart.de\/wp-content\/uploads\/2022\/06\/IMG_0383-768x576.jpg 768w, https:\/\/catchart.de\/wp-content\/uploads\/2022\/06\/IMG_0383-1536x1152.jpg 1536w, https:\/\/catchart.de\/wp-content\/uploads\/2022\/06\/IMG_0383-2048x1536.jpg 2048w\" sizes=\"auto, (max-width: 1024px) 100vw, 1024px\" \/><\/figure>\n\n\n\n<figure class=\"wp-block-image size-large\"><img loading=\"lazy\" decoding=\"async\" width=\"1024\" height=\"768\" data-id=\"420\" src=\"http:\/\/catchart.de\/wp-content\/uploads\/2022\/06\/IMG_0384-1024x768.jpg\" alt=\"\" class=\"wp-image-420\" srcset=\"https:\/\/catchart.de\/wp-content\/uploads\/2022\/06\/IMG_0384-1024x768.jpg 1024w, https:\/\/catchart.de\/wp-content\/uploads\/2022\/06\/IMG_0384-300x225.jpg 300w, https:\/\/catchart.de\/wp-content\/uploads\/2022\/06\/IMG_0384-768x576.jpg 768w, https:\/\/catchart.de\/wp-content\/uploads\/2022\/06\/IMG_0384-1536x1152.jpg 1536w, https:\/\/catchart.de\/wp-content\/uploads\/2022\/06\/IMG_0384-2048x1536.jpg 2048w\" sizes=\"auto, (max-width: 1024px) 100vw, 1024px\" \/><\/figure>\n<\/figure>\n\n\n\n<figure class=\"wp-block-gallery has-nested-images columns-default is-cropped wp-block-gallery-2 is-layout-flex wp-block-gallery-is-layout-flex\">\n<figure class=\"wp-block-image size-large\"><img loading=\"lazy\" decoding=\"async\" width=\"1024\" height=\"768\" data-id=\"458\" src=\"https:\/\/catchart.de\/wp-content\/uploads\/2024\/02\/2022-Hannover-Convention-Volleyclub-1024x768.jpg\" alt=\"\" class=\"wp-image-458\" srcset=\"https:\/\/catchart.de\/wp-content\/uploads\/2024\/02\/2022-Hannover-Convention-Volleyclub-1024x768.jpg 1024w, https:\/\/catchart.de\/wp-content\/uploads\/2024\/02\/2022-Hannover-Convention-Volleyclub-300x225.jpg 300w, https:\/\/catchart.de\/wp-content\/uploads\/2024\/02\/2022-Hannover-Convention-Volleyclub-768x576.jpg 768w, https:\/\/catchart.de\/wp-content\/uploads\/2024\/02\/2022-Hannover-Convention-Volleyclub.jpg 1280w\" sizes=\"auto, (max-width: 1024px) 100vw, 1024px\" \/><\/figure>\n\n\n\n<figure class=\"wp-block-image size-large\"><img loading=\"lazy\" decoding=\"async\" width=\"1024\" height=\"768\" data-id=\"421\" src=\"https:\/\/catchart.de\/wp-content\/uploads\/2022\/06\/IMG_0386-1024x768.jpg\" alt=\"\" class=\"wp-image-421\" srcset=\"https:\/\/catchart.de\/wp-content\/uploads\/2022\/06\/IMG_0386-1024x768.jpg 1024w, https:\/\/catchart.de\/wp-content\/uploads\/2022\/06\/IMG_0386-300x225.jpg 300w, https:\/\/catchart.de\/wp-content\/uploads\/2022\/06\/IMG_0386-768x576.jpg 768w, https:\/\/catchart.de\/wp-content\/uploads\/2022\/06\/IMG_0386-1536x1152.jpg 1536w, https:\/\/catchart.de\/wp-content\/uploads\/2022\/06\/IMG_0386-2048x1536.jpg 2048w\" sizes=\"auto, (max-width: 1024px) 100vw, 1024px\" \/><\/figure>\n<\/figure>\n\n\n\n<h3 class=\"wp-block-heading has-text-align-center\">Jonglierconvention 2021? Ja!<\/h3>\n\n\n\n<p>&#8230; das Daumen dr\u00fccken hat sich gelohnt, unsere Convention hat im Juni mit einer begrenzten Teilnehmenden-Zahl stattgefunden. Vielen Dank an alle die dabei waren, es war wunderbar wieder &#8222;live&#8220; mit euch zu jonglieren \ud83d\ude42 <\/p>\n\n\n\n<h3 class=\"wp-block-heading has-text-align-center\">Jonglierconvention 2020? Leider nein \ud83d\ude41<\/h3>\n\n\n\n<p>ABER wir hoffen euch im Sommer 2021 wieder in Hannover begr\u00fc\u00dfen zu k\u00f6nnen!<\/p>\n\n\n\n<h3 class=\"wp-block-heading has-text-align-center\">Jonglierconvention 2019: <strong>CatchArt<\/strong><\/h3>\n\n\n\n<p>2019 stand die Convention ganz im Zeichen der Kunst. Auf der &#8222;leeren Leinwand&#8220; und unserem neuen Convention-Gel\u00e4nde habt ihr ein  farbenpr\u00e4chtiges Gem\u00e4lde erschaffen! Vielen Dank f\u00fcrs Kommen!<\/p>\n\n\n\n<div class=\"wp-block-group\"><div class=\"wp-block-group__inner-container is-layout-constrained wp-block-group-is-layout-constrained\">\n<div class=\"wp-block-columns is-layout-flex wp-container-core-columns-is-layout-9d6595d7 wp-block-columns-is-layout-flex\">\n<div class=\"wp-block-column is-layout-flow wp-block-column-is-layout-flow\" style=\"flex-basis:100%\">\n<figure class=\"wp-block-gallery has-nested-images columns-3 is-cropped aligncenter wp-block-gallery-3 is-layout-flex wp-block-gallery-is-layout-flex\">\n<figure class=\"wp-block-image size-large\"><img loading=\"lazy\" decoding=\"async\" width=\"768\" height=\"1024\" data-id=\"224\" src=\"http:\/\/catchart.de\/wp-content\/uploads\/2019\/07\/IMG_0179-768x1024.jpg\" alt=\"\" class=\"wp-image-224\" srcset=\"https:\/\/catchart.de\/wp-content\/uploads\/2019\/07\/IMG_0179-768x1024.jpg 768w, https:\/\/catchart.de\/wp-content\/uploads\/2019\/07\/IMG_0179-225x300.jpg 225w, https:\/\/catchart.de\/wp-content\/uploads\/2019\/07\/IMG_0179.jpg 1200w\" sizes=\"auto, (max-width: 768px) 100vw, 768px\" \/><\/figure>\n\n\n\n<figure class=\"wp-block-image size-large\"><img loading=\"lazy\" decoding=\"async\" width=\"1024\" height=\"682\" data-id=\"225\" src=\"http:\/\/catchart.de\/wp-content\/uploads\/2019\/07\/DSC00201-1024x682.jpg\" alt=\"\" class=\"wp-image-225\" srcset=\"https:\/\/catchart.de\/wp-content\/uploads\/2019\/07\/DSC00201-1024x682.jpg 1024w, https:\/\/catchart.de\/wp-content\/uploads\/2019\/07\/DSC00201-300x200.jpg 300w, https:\/\/catchart.de\/wp-content\/uploads\/2019\/07\/DSC00201-768x512.jpg 768w, https:\/\/catchart.de\/wp-content\/uploads\/2019\/07\/DSC00201.jpg 1400w\" sizes=\"auto, (max-width: 1024px) 100vw, 1024px\" \/><\/figure>\n\n\n\n<figure class=\"wp-block-image size-large\"><img loading=\"lazy\" decoding=\"async\" width=\"1024\" height=\"650\" data-id=\"232\" src=\"http:\/\/catchart.de\/wp-content\/uploads\/2019\/07\/DSC00132-1024x650.jpg\" alt=\"\" class=\"wp-image-232\" srcset=\"https:\/\/catchart.de\/wp-content\/uploads\/2019\/07\/DSC00132-1024x650.jpg 1024w, https:\/\/catchart.de\/wp-content\/uploads\/2019\/07\/DSC00132-300x191.jpg 300w, https:\/\/catchart.de\/wp-content\/uploads\/2019\/07\/DSC00132-768x488.jpg 768w, https:\/\/catchart.de\/wp-content\/uploads\/2019\/07\/DSC00132.jpg 1400w\" sizes=\"auto, (max-width: 1024px) 100vw, 1024px\" \/><\/figure>\n\n\n\n<figure class=\"wp-block-image size-large\"><img loading=\"lazy\" decoding=\"async\" width=\"768\" height=\"1024\" data-id=\"219\" src=\"http:\/\/catchart.de\/wp-content\/uploads\/2019\/07\/IMG_0214-768x1024.jpg\" alt=\"\" class=\"wp-image-219\" srcset=\"https:\/\/catchart.de\/wp-content\/uploads\/2019\/07\/IMG_0214-768x1024.jpg 768w, https:\/\/catchart.de\/wp-content\/uploads\/2019\/07\/IMG_0214-225x300.jpg 225w, https:\/\/catchart.de\/wp-content\/uploads\/2019\/07\/IMG_0214.jpg 1200w\" sizes=\"auto, (max-width: 768px) 100vw, 768px\" \/><\/figure>\n\n\n\n<figure class=\"wp-block-image size-large\"><img loading=\"lazy\" decoding=\"async\" width=\"768\" height=\"1024\" data-id=\"220\" src=\"http:\/\/catchart.de\/wp-content\/uploads\/2019\/07\/IMG_0213-768x1024.jpg\" alt=\"\" class=\"wp-image-220\" srcset=\"https:\/\/catchart.de\/wp-content\/uploads\/2019\/07\/IMG_0213-768x1024.jpg 768w, https:\/\/catchart.de\/wp-content\/uploads\/2019\/07\/IMG_0213-225x300.jpg 225w, https:\/\/catchart.de\/wp-content\/uploads\/2019\/07\/IMG_0213.jpg 1200w\" sizes=\"auto, (max-width: 768px) 100vw, 768px\" \/><\/figure>\n\n\n\n<figure class=\"wp-block-image size-large\"><img loading=\"lazy\" decoding=\"async\" width=\"1024\" height=\"641\" data-id=\"234\" src=\"http:\/\/catchart.de\/wp-content\/uploads\/2019\/07\/DSC00125-1024x641.jpg\" alt=\"\" class=\"wp-image-234\" srcset=\"https:\/\/catchart.de\/wp-content\/uploads\/2019\/07\/DSC00125-1024x641.jpg 1024w, https:\/\/catchart.de\/wp-content\/uploads\/2019\/07\/DSC00125-300x188.jpg 300w, https:\/\/catchart.de\/wp-content\/uploads\/2019\/07\/DSC00125-768x481.jpg 768w, https:\/\/catchart.de\/wp-content\/uploads\/2019\/07\/DSC00125.jpg 1400w\" sizes=\"auto, (max-width: 1024px) 100vw, 1024px\" \/><\/figure>\n\n\n\n<figure class=\"wp-block-image size-large\"><img loading=\"lazy\" decoding=\"async\" width=\"1024\" height=\"520\" data-id=\"228\" src=\"http:\/\/catchart.de\/wp-content\/uploads\/2019\/07\/DSC00167-1024x520.jpg\" alt=\"\" class=\"wp-image-228\" srcset=\"https:\/\/catchart.de\/wp-content\/uploads\/2019\/07\/DSC00167-1024x520.jpg 1024w, https:\/\/catchart.de\/wp-content\/uploads\/2019\/07\/DSC00167-300x152.jpg 300w, https:\/\/catchart.de\/wp-content\/uploads\/2019\/07\/DSC00167-768x390.jpg 768w, https:\/\/catchart.de\/wp-content\/uploads\/2019\/07\/DSC00167.jpg 1400w\" sizes=\"auto, (max-width: 1024px) 100vw, 1024px\" \/><\/figure>\n\n\n\n<figure class=\"wp-block-image size-large\"><img loading=\"lazy\" decoding=\"async\" width=\"1024\" height=\"541\" data-id=\"229\" src=\"http:\/\/catchart.de\/wp-content\/uploads\/2019\/07\/DSC00156-1024x541.jpg\" alt=\"\" class=\"wp-image-229\" srcset=\"https:\/\/catchart.de\/wp-content\/uploads\/2019\/07\/DSC00156-1024x541.jpg 1024w, https:\/\/catchart.de\/wp-content\/uploads\/2019\/07\/DSC00156-300x158.jpg 300w, https:\/\/catchart.de\/wp-content\/uploads\/2019\/07\/DSC00156-768x405.jpg 768w, https:\/\/catchart.de\/wp-content\/uploads\/2019\/07\/DSC00156.jpg 1400w\" sizes=\"auto, (max-width: 1024px) 100vw, 1024px\" \/><\/figure>\n\n\n\n<figure class=\"wp-block-image size-large\"><img loading=\"lazy\" decoding=\"async\" width=\"1024\" height=\"634\" data-id=\"226\" src=\"http:\/\/catchart.de\/wp-content\/uploads\/2019\/07\/DSC00196-1024x634.jpg\" alt=\"\" class=\"wp-image-226\" srcset=\"https:\/\/catchart.de\/wp-content\/uploads\/2019\/07\/DSC00196-1024x634.jpg 1024w, https:\/\/catchart.de\/wp-content\/uploads\/2019\/07\/DSC00196-300x186.jpg 300w, https:\/\/catchart.de\/wp-content\/uploads\/2019\/07\/DSC00196-768x476.jpg 768w, https:\/\/catchart.de\/wp-content\/uploads\/2019\/07\/DSC00196.jpg 1400w\" sizes=\"auto, (max-width: 1024px) 100vw, 1024px\" \/><\/figure>\n\n\n\n<figure class=\"wp-block-image size-large\"><img loading=\"lazy\" decoding=\"async\" width=\"1024\" height=\"647\" data-id=\"227\" src=\"http:\/\/catchart.de\/wp-content\/uploads\/2019\/07\/DSC00187-1024x647.jpg\" alt=\"\" class=\"wp-image-227\" srcset=\"https:\/\/catchart.de\/wp-content\/uploads\/2019\/07\/DSC00187-1024x647.jpg 1024w, https:\/\/catchart.de\/wp-content\/uploads\/2019\/07\/DSC00187-300x189.jpg 300w, https:\/\/catchart.de\/wp-content\/uploads\/2019\/07\/DSC00187-768x485.jpg 768w, https:\/\/catchart.de\/wp-content\/uploads\/2019\/07\/DSC00187.jpg 1400w\" sizes=\"auto, (max-width: 1024px) 100vw, 1024px\" \/><\/figure>\n\n\n\n<figure class=\"wp-block-image size-large\"><img loading=\"lazy\" decoding=\"async\" width=\"692\" height=\"1024\" data-id=\"230\" src=\"http:\/\/catchart.de\/wp-content\/uploads\/2019\/07\/DSC00153-692x1024.jpg\" alt=\"\" class=\"wp-image-230\" srcset=\"https:\/\/catchart.de\/wp-content\/uploads\/2019\/07\/DSC00153-692x1024.jpg 692w, https:\/\/catchart.de\/wp-content\/uploads\/2019\/07\/DSC00153-203x300.jpg 203w, https:\/\/catchart.de\/wp-content\/uploads\/2019\/07\/DSC00153-768x1137.jpg 768w, https:\/\/catchart.de\/wp-content\/uploads\/2019\/07\/DSC00153.jpg 946w\" sizes=\"auto, (max-width: 692px) 100vw, 692px\" \/><\/figure>\n\n\n\n<figure class=\"wp-block-image size-large\"><img loading=\"lazy\" decoding=\"async\" width=\"1024\" height=\"682\" data-id=\"231\" src=\"http:\/\/catchart.de\/wp-content\/uploads\/2019\/07\/DSC00137-1024x682.jpg\" alt=\"\" class=\"wp-image-231\" srcset=\"https:\/\/catchart.de\/wp-content\/uploads\/2019\/07\/DSC00137-1024x682.jpg 1024w, https:\/\/catchart.de\/wp-content\/uploads\/2019\/07\/DSC00137-300x200.jpg 300w, https:\/\/catchart.de\/wp-content\/uploads\/2019\/07\/DSC00137-768x512.jpg 768w, https:\/\/catchart.de\/wp-content\/uploads\/2019\/07\/DSC00137.jpg 1400w\" sizes=\"auto, (max-width: 1024px) 100vw, 1024px\" \/><\/figure>\n\n\n\n<figure class=\"wp-block-image size-large\"><img loading=\"lazy\" decoding=\"async\" width=\"1024\" height=\"671\" data-id=\"233\" src=\"http:\/\/catchart.de\/wp-content\/uploads\/2019\/07\/DSC00127-1024x671.jpg\" alt=\"\" class=\"wp-image-233\" srcset=\"https:\/\/catchart.de\/wp-content\/uploads\/2019\/07\/DSC00127-1024x671.jpg 1024w, https:\/\/catchart.de\/wp-content\/uploads\/2019\/07\/DSC00127-300x197.jpg 300w, https:\/\/catchart.de\/wp-content\/uploads\/2019\/07\/DSC00127-768x503.jpg 768w, https:\/\/catchart.de\/wp-content\/uploads\/2019\/07\/DSC00127.jpg 1400w\" sizes=\"auto, (max-width: 1024px) 100vw, 1024px\" \/><\/figure>\n\n\n\n<figure class=\"wp-block-image size-large\"><img loading=\"lazy\" decoding=\"async\" width=\"999\" height=\"1024\" data-id=\"235\" src=\"http:\/\/catchart.de\/wp-content\/uploads\/2019\/07\/DSC00123-999x1024.jpg\" alt=\"\" class=\"wp-image-235\" srcset=\"https:\/\/catchart.de\/wp-content\/uploads\/2019\/07\/DSC00123-999x1024.jpg 999w, https:\/\/catchart.de\/wp-content\/uploads\/2019\/07\/DSC00123-293x300.jpg 293w, https:\/\/catchart.de\/wp-content\/uploads\/2019\/07\/DSC00123-768x787.jpg 768w, https:\/\/catchart.de\/wp-content\/uploads\/2019\/07\/DSC00123.jpg 1366w\" sizes=\"auto, (max-width: 999px) 100vw, 999px\" \/><\/figure>\n<\/figure>\n<\/div>\n<\/div>\n<\/div><\/div>\n","protected":false},"excerpt":{"rendered":"<p>Jonglierconvention 2026? Wir hoffen es klappt und freuen wir uns auf ein sommerliches Jonglierwochenende in Hannover. Wie klein oder gro\u00df es werden kann? Wir halten auch auf dem Laufenden &#8230; reserviert ist der 03.-05.07.2026! Jonglier- und Volleyclub-Wochenende 20.-22. Juni 2025&#8230; <a href=\"https:\/\/catchart.de\/\" class=\"readmore\">Weiterlesen<span class=\"screen-reader-text\">Conventions<\/span><span class=\"fa fa-angle-double-right\" aria-hidden=\"true\"><\/span><\/a><\/p>\n","protected":false},"author":1,"featured_media":0,"parent":0,"menu_order":0,"comment_status":"closed","ping_status":"closed","template":"","meta":{"footnotes":""},"class_list":["post-12","page","type-page","status-publish","hentry"],"_links":{"self":[{"href":"https:\/\/catchart.de\/index.php?rest_route=\/wp\/v2\/pages\/12","targetHints":{"allow":["GET"]}}],"collection":[{"href":"https:\/\/catchart.de\/index.php?rest_route=\/wp\/v2\/pages"}],"about":[{"href":"https:\/\/catchart.de\/index.php?rest_route=\/wp\/v2\/types\/page"}],"author":[{"embeddable":true,"href":"https:\/\/catchart.de\/index.php?rest_route=\/wp\/v2\/users\/1"}],"replies":[{"embeddable":true,"href":"https:\/\/catchart.de\/index.php?rest_route=%2Fwp%2Fv2%2Fcomments&post=12"}],"version-history":[{"count":48,"href":"https:\/\/catchart.de\/index.php?rest_route=\/wp\/v2\/pages\/12\/revisions"}],"predecessor-version":[{"id":501,"href":"https:\/\/catchart.de\/index.php?rest_route=\/wp\/v2\/pages\/12\/revisions\/501"}],"wp:attachment":[{"href":"https:\/\/catchart.de\/index.php?rest_route=%2Fwp%2Fv2%2Fmedia&parent=12"}],"curies":[{"name":"wp","href":"https:\/\/api.w.org\/{rel}","templated":true}]}}