{"id":504,"date":"2026-04-19T18:23:04","date_gmt":"2026-04-19T17:23:04","guid":{"rendered":"https:\/\/catchart.de\/?page_id=504"},"modified":"2026-04-19T18:23:04","modified_gmt":"2026-04-19T17:23:04","slug":"2026-volleyclub-und-passing-convention","status":"publish","type":"page","link":"https:\/\/catchart.de\/?page_id=504","title":{"rendered":"2026 &#8211; Volleyclub und Passing Convention"},"content":{"rendered":"\n<p>Dieses Jahr gibt es wieder eine kleine Hannover Convention. <br>Wir begrenzen dieses Jahr auf 50 Schlafpl\u00e4tze auf dem Gel\u00e4nde.<\/p>\n\n\n\n<p><\/p>\n\n\n\n<p><strong>Vorl\u00e4ufiges Programm:<\/strong><\/p>\n\n\n\n<ul class=\"wp-block-list\">\n<li>Jonglieren 24h (Saal, Wiese)<\/li>\n\n\n\n<li>Volleyclub (2 Beachfelder)<\/li>\n<\/ul>\n\n\n\n<p><strong>Anmeldung\/ Einlass:<\/strong><br>Bitte meldet euch hier an: <a href=\"https:\/\/pretix.conventiontickets.de\/hannover\/Volleyclub-2026\/\">2026 &#8211; Volleyclub und Passing Wochenende<\/a><\/p>\n\n\n\n<p>Zugang \u00fcber die Langensalzastra\u00dfe 23-24, 30169 Hannover!<br>Ort: Haus der Jugend, Maschstra\u00dfe 22-24, 30169 Hannover <\/p>\n\n\n\n<p><strong>Anreise:<\/strong><\/p>\n\n\n\n<p>Ab Hannover Hauptbahnhof zu Fu\u00df (15 Minuten) oder mit der U1, U2 oder U8 bis Aegidientorplatz (3 Minuten)<\/p>\n\n\n\n<p><strong>Verpflegung:<\/strong><\/p>\n\n\n\n<ul class=\"wp-block-list\">\n<li><strong>Kein<\/strong> Essen am Freitag <\/li>\n\n\n\n<li>2 x Fr\u00fchst\u00fcck sind im Eintrittspreis inbegriffen.<\/li>\n\n\n\n<li>Getr\u00e4nke k\u00f6nnt ihr bei uns zum Selbstkostenpreis kaufen.<\/li>\n\n\n\n<li>Es gibt eine Softeis Maschine!<\/li>\n\n\n\n<li>Wer sich selbst verpflegen m\u00f6chte, erreicht zu Fu\u00df in 5 Minuten B\u00e4ckereien, Restaurants und Superm\u00e4rkte.<\/li>\n<\/ul>\n\n\n\n<p><strong>Weiteres<\/strong>:<\/p>\n\n\n\n<ul class=\"wp-block-list\">\n<li>Die \u00dcbernachtung ist mit eigener Isomatte und Schlafsack in mehreren R\u00e4umen m\u00f6glich. Es stehen erstmal 50 Schlafpl\u00e4tze zur Verf\u00fcgung, um die R\u00e4ume nicht zu voll zu belegen. Bitte nutzt die Voranmeldung!<\/li>\n\n\n\n<li>Stellpl\u00e4tze f\u00fcr Wohnmobile sind nur in sehr geringer Anzahl vorhanden. Bitte unbedingt bei der Anmeldung angeben, wenn du im eigenen Auto \u00fcbernachten m\u00f6chtest.<\/li>\n\n\n\n<li>Parkm\u00f6glichkeit in unmittelbarer N\u00e4he sind begrenzt (Innenstadt).<\/li>\n\n\n\n<li>Auf dem Gel\u00e4nde sind keine Tiere erlaubt.<\/li>\n\n\n\n<li>Bitte bringt eigenes Geschirr und Besteck mit<\/li>\n<\/ul>\n","protected":false},"excerpt":{"rendered":"<p>Dieses Jahr gibt es wieder eine kleine Hannover Convention. Wir begrenzen dieses Jahr auf 50 Schlafpl\u00e4tze auf dem Gel\u00e4nde. Vorl\u00e4ufiges Programm: Anmeldung\/ Einlass:Bitte meldet euch hier an: 2026 &#8211; Volleyclub und Passing Wochenende Zugang \u00fcber die Langensalzastra\u00dfe 23-24, 30169 Hannover!Ort:&#8230; <a href=\"https:\/\/catchart.de\/?page_id=504\" class=\"readmore\">Weiterlesen<span class=\"screen-reader-text\">2026 &#8211; Volleyclub und Passing Convention<\/span><span class=\"fa fa-angle-double-right\" aria-hidden=\"true\"><\/span><\/a><\/p>\n","protected":false},"author":4,"featured_media":0,"parent":0,"menu_order":0,"comment_status":"closed","ping_status":"closed","template":"","meta":{"footnotes":""},"class_list":["post-504","page","type-page","status-publish","hentry"],"_links":{"self":[{"href":"https:\/\/catchart.de\/index.php?rest_route=\/wp\/v2\/pages\/504","targetHints":{"allow":["GET"]}}],"collection":[{"href":"https:\/\/catchart.de\/index.php?rest_route=\/wp\/v2\/pages"}],"about":[{"href":"https:\/\/catchart.de\/index.php?rest_route=\/wp\/v2\/types\/page"}],"author":[{"embeddable":true,"href":"https:\/\/catchart.de\/index.php?rest_route=\/wp\/v2\/users\/4"}],"replies":[{"embeddable":true,"href":"https:\/\/catchart.de\/index.php?rest_route=%2Fwp%2Fv2%2Fcomments&post=504"}],"version-history":[{"count":2,"href":"https:\/\/catchart.de\/index.php?rest_route=\/wp\/v2\/pages\/504\/revisions"}],"predecessor-version":[{"id":506,"href":"https:\/\/catchart.de\/index.php?rest_route=\/wp\/v2\/pages\/504\/revisions\/506"}],"wp:attachment":[{"href":"https:\/\/catchart.de\/index.php?rest_route=%2Fwp%2Fv2%2Fmedia&parent=504"}],"curies":[{"name":"wp","href":"https:\/\/api.w.org\/{rel}","templated":true}]}}